{"id":102,"date":"2024-04-16T14:01:55","date_gmt":"2024-04-16T14:01:55","guid":{"rendered":"https:\/\/spnw.pl\/?page_id=102"},"modified":"2025-01-16T09:13:38","modified_gmt":"2025-01-16T09:13:38","slug":"biblioteka","status":"publish","type":"page","link":"https:\/\/spnw.pl\/?page_id=102","title":{"rendered":"Biblioteka"},"content":{"rendered":"\n<figure class=\"wp-block-image alignleft size-full is-resized\"><img loading=\"lazy\" decoding=\"async\" width=\"735\" height=\"720\" src=\"https:\/\/spnw.pl\/wp-content\/uploads\/2024\/10\/book-2022464_960_720-1.png\" alt=\"\" class=\"wp-image-431\" style=\"width:396px;height:auto\" srcset=\"https:\/\/spnw.pl\/wp-content\/uploads\/2024\/10\/book-2022464_960_720-1.png 735w, https:\/\/spnw.pl\/wp-content\/uploads\/2024\/10\/book-2022464_960_720-1-300x294.png 300w\" sizes=\"(max-width: 735px) 100vw, 735px\" \/><\/figure>\n\n\n\n<p><strong>Godziny otwarcia biblioteki: <\/strong><\/p>\n\n\n\n<div class=\"wp-block-group is-layout-constrained wp-block-group-is-layout-constrained\">\n<p>Poniedzia\u0142ek 8:45 &#8211; 11:30<\/p>\n\n\n\n<p>Wtorek 8:45 &#8211; 11:50; 13:30 &#8211; 16:00<\/p>\n\n\n\n<p>\u015aroda 11:30 &#8211; 16:00<\/p>\n\n\n\n<p>Czwartek 10:10 &#8211; 11:50; 13:30 &#8211; 15:50<\/p>\n\n\n\n<p>Pi\u0105tek 8:00 &#8211; 8:55; 11:35 &#8211; 13:50<\/p>\n\n\n\n<p><strong>Opiekun biblioteki: <\/strong>p. Magdalena Gutkowska<\/p>\n\n\n\n<p><\/p>\n\n\n\n<p><\/p>\n<\/div>\n\n\n\n<hr class=\"wp-block-separator has-alpha-channel-opacity\"\/>\n","protected":false},"excerpt":{"rendered":"<p>Godziny otwarcia biblioteki: Poniedzia\u0142ek 8:45 &#8211; 11:30 Wtorek 8:45 &#8211; 11:50; 13:30 &#8211; 16:00 \u015aroda 11:30 &#8211; 16:00 Czwartek 10:10<\/p>\n","protected":false},"author":1,"featured_media":0,"parent":40,"menu_order":0,"comment_status":"closed","ping_status":"closed","template":"","meta":{"colormag_page_container_layout":"default_layout","colormag_page_sidebar_layout":"default_layout","footnotes":""},"yoast_head":"<!-- This site is optimized with the Yoast SEO plugin v24.5 - https:\/\/yoast.com\/wordpress\/plugins\/seo\/ -->\n<title>Biblioteka - Szko\u0142a Podstawowa w Nowej Wsi<\/title>\n<meta name=\"robots\" content=\"index, follow, max-snippet:-1, max-image-preview:large, max-video-preview:-1\" \/>\n<link rel=\"canonical\" href=\"https:\/\/spnw.pl\/?page_id=102\" \/>\n<meta property=\"og:locale\" content=\"pl_PL\" \/>\n<meta property=\"og:type\" content=\"article\" \/>\n<meta property=\"og:title\" content=\"Biblioteka - Szko\u0142a Podstawowa w Nowej Wsi\" \/>\n<meta property=\"og:description\" content=\"Godziny otwarcia biblioteki: Poniedzia\u0142ek 8:45 &#8211; 11:30 Wtorek 8:45 &#8211; 11:50; 13:30 &#8211; 16:00 \u015aroda 11:30 &#8211; 16:00 Czwartek 10:10\" \/>\n<meta property=\"og:url\" content=\"https:\/\/spnw.pl\/?page_id=102\" \/>\n<meta property=\"og:site_name\" content=\"Szko\u0142a Podstawowa w Nowej Wsi\" \/>\n<meta property=\"article:modified_time\" content=\"2025-01-16T09:13:38+00:00\" \/>\n<meta property=\"og:image\" content=\"https:\/\/spnw.pl\/wp-content\/uploads\/2024\/10\/book-2022464_960_720-1.png\" \/>\n\t<meta property=\"og:image:width\" content=\"735\" \/>\n\t<meta property=\"og:image:height\" content=\"720\" \/>\n\t<meta property=\"og:image:type\" content=\"image\/png\" \/>\n<meta name=\"twitter:card\" content=\"summary_large_image\" \/>\n<meta name=\"twitter:label1\" content=\"Szacowany czas czytania\" \/>\n\t<meta name=\"twitter:data1\" content=\"1 minuta\" \/>\n<script type=\"application\/ld+json\" class=\"yoast-schema-graph\">{\"@context\":\"https:\/\/schema.org\",\"@graph\":[{\"@type\":\"WebPage\",\"@id\":\"https:\/\/spnw.pl\/?page_id=102\",\"url\":\"https:\/\/spnw.pl\/?page_id=102\",\"name\":\"Biblioteka - Szko\u0142a Podstawowa w Nowej Wsi\",\"isPartOf\":{\"@id\":\"https:\/\/spnw.pl\/#website\"},\"primaryImageOfPage\":{\"@id\":\"https:\/\/spnw.pl\/?page_id=102#primaryimage\"},\"image\":{\"@id\":\"https:\/\/spnw.pl\/?page_id=102#primaryimage\"},\"thumbnailUrl\":\"https:\/\/spnw.pl\/wp-content\/uploads\/2024\/10\/book-2022464_960_720-1.png\",\"datePublished\":\"2024-04-16T14:01:55+00:00\",\"dateModified\":\"2025-01-16T09:13:38+00:00\",\"breadcrumb\":{\"@id\":\"https:\/\/spnw.pl\/?page_id=102#breadcrumb\"},\"inLanguage\":\"pl-PL\",\"potentialAction\":[{\"@type\":\"ReadAction\",\"target\":[\"https:\/\/spnw.pl\/?page_id=102\"]}]},{\"@type\":\"ImageObject\",\"inLanguage\":\"pl-PL\",\"@id\":\"https:\/\/spnw.pl\/?page_id=102#primaryimage\",\"url\":\"https:\/\/spnw.pl\/wp-content\/uploads\/2024\/10\/book-2022464_960_720-1.png\",\"contentUrl\":\"https:\/\/spnw.pl\/wp-content\/uploads\/2024\/10\/book-2022464_960_720-1.png\",\"width\":735,\"height\":720},{\"@type\":\"BreadcrumbList\",\"@id\":\"https:\/\/spnw.pl\/?page_id=102#breadcrumb\",\"itemListElement\":[{\"@type\":\"ListItem\",\"position\":1,\"name\":\"Strona g\u0142\u00f3wna\",\"item\":\"https:\/\/spnw.pl\/\"},{\"@type\":\"ListItem\",\"position\":2,\"name\":\"Szko\u0142a\",\"item\":\"https:\/\/spnw.pl\/?page_id=40\"},{\"@type\":\"ListItem\",\"position\":3,\"name\":\"Biblioteka\"}]},{\"@type\":\"WebSite\",\"@id\":\"https:\/\/spnw.pl\/#website\",\"url\":\"https:\/\/spnw.pl\/\",\"name\":\"Szko\u0142a Podstawowa w Nowej Wsi\",\"description\":\"Szko\u0142a Podstawowa w Nowej Wsi\",\"potentialAction\":[{\"@type\":\"SearchAction\",\"target\":{\"@type\":\"EntryPoint\",\"urlTemplate\":\"https:\/\/spnw.pl\/?s={search_term_string}\"},\"query-input\":{\"@type\":\"PropertyValueSpecification\",\"valueRequired\":true,\"valueName\":\"search_term_string\"}}],\"inLanguage\":\"pl-PL\"}]}<\/script>\n<!-- \/ Yoast SEO plugin. -->","yoast_head_json":{"title":"Biblioteka - Szko\u0142a Podstawowa w Nowej Wsi","robots":{"index":"index","follow":"follow","max-snippet":"max-snippet:-1","max-image-preview":"max-image-preview:large","max-video-preview":"max-video-preview:-1"},"canonical":"https:\/\/spnw.pl\/?page_id=102","og_locale":"pl_PL","og_type":"article","og_title":"Biblioteka - Szko\u0142a Podstawowa w Nowej Wsi","og_description":"Godziny otwarcia biblioteki: Poniedzia\u0142ek 8:45 &#8211; 11:30 Wtorek 8:45 &#8211; 11:50; 13:30 &#8211; 16:00 \u015aroda 11:30 &#8211; 16:00 Czwartek 10:10","og_url":"https:\/\/spnw.pl\/?page_id=102","og_site_name":"Szko\u0142a Podstawowa w Nowej Wsi","article_modified_time":"2025-01-16T09:13:38+00:00","og_image":[{"width":735,"height":720,"url":"https:\/\/spnw.pl\/wp-content\/uploads\/2024\/10\/book-2022464_960_720-1.png","type":"image\/png"}],"twitter_card":"summary_large_image","twitter_misc":{"Szacowany czas czytania":"1 minuta"},"schema":{"@context":"https:\/\/schema.org","@graph":[{"@type":"WebPage","@id":"https:\/\/spnw.pl\/?page_id=102","url":"https:\/\/spnw.pl\/?page_id=102","name":"Biblioteka - Szko\u0142a Podstawowa w Nowej Wsi","isPartOf":{"@id":"https:\/\/spnw.pl\/#website"},"primaryImageOfPage":{"@id":"https:\/\/spnw.pl\/?page_id=102#primaryimage"},"image":{"@id":"https:\/\/spnw.pl\/?page_id=102#primaryimage"},"thumbnailUrl":"https:\/\/spnw.pl\/wp-content\/uploads\/2024\/10\/book-2022464_960_720-1.png","datePublished":"2024-04-16T14:01:55+00:00","dateModified":"2025-01-16T09:13:38+00:00","breadcrumb":{"@id":"https:\/\/spnw.pl\/?page_id=102#breadcrumb"},"inLanguage":"pl-PL","potentialAction":[{"@type":"ReadAction","target":["https:\/\/spnw.pl\/?page_id=102"]}]},{"@type":"ImageObject","inLanguage":"pl-PL","@id":"https:\/\/spnw.pl\/?page_id=102#primaryimage","url":"https:\/\/spnw.pl\/wp-content\/uploads\/2024\/10\/book-2022464_960_720-1.png","contentUrl":"https:\/\/spnw.pl\/wp-content\/uploads\/2024\/10\/book-2022464_960_720-1.png","width":735,"height":720},{"@type":"BreadcrumbList","@id":"https:\/\/spnw.pl\/?page_id=102#breadcrumb","itemListElement":[{"@type":"ListItem","position":1,"name":"Strona g\u0142\u00f3wna","item":"https:\/\/spnw.pl\/"},{"@type":"ListItem","position":2,"name":"Szko\u0142a","item":"https:\/\/spnw.pl\/?page_id=40"},{"@type":"ListItem","position":3,"name":"Biblioteka"}]},{"@type":"WebSite","@id":"https:\/\/spnw.pl\/#website","url":"https:\/\/spnw.pl\/","name":"Szko\u0142a Podstawowa w Nowej Wsi","description":"Szko\u0142a Podstawowa w Nowej Wsi","potentialAction":[{"@type":"SearchAction","target":{"@type":"EntryPoint","urlTemplate":"https:\/\/spnw.pl\/?s={search_term_string}"},"query-input":{"@type":"PropertyValueSpecification","valueRequired":true,"valueName":"search_term_string"}}],"inLanguage":"pl-PL"}]}},"_links":{"self":[{"href":"https:\/\/spnw.pl\/index.php?rest_route=\/wp\/v2\/pages\/102"}],"collection":[{"href":"https:\/\/spnw.pl\/index.php?rest_route=\/wp\/v2\/pages"}],"about":[{"href":"https:\/\/spnw.pl\/index.php?rest_route=\/wp\/v2\/types\/page"}],"author":[{"embeddable":true,"href":"https:\/\/spnw.pl\/index.php?rest_route=\/wp\/v2\/users\/1"}],"replies":[{"embeddable":true,"href":"https:\/\/spnw.pl\/index.php?rest_route=%2Fwp%2Fv2%2Fcomments&post=102"}],"version-history":[{"count":8,"href":"https:\/\/spnw.pl\/index.php?rest_route=\/wp\/v2\/pages\/102\/revisions"}],"predecessor-version":[{"id":1344,"href":"https:\/\/spnw.pl\/index.php?rest_route=\/wp\/v2\/pages\/102\/revisions\/1344"}],"up":[{"embeddable":true,"href":"https:\/\/spnw.pl\/index.php?rest_route=\/wp\/v2\/pages\/40"}],"wp:attachment":[{"href":"https:\/\/spnw.pl\/index.php?rest_route=%2Fwp%2Fv2%2Fmedia&parent=102"}],"curies":[{"name":"wp","href":"https:\/\/api.w.org\/{rel}","templated":true}]}}