{"id":113,"date":"2024-04-16T14:07:29","date_gmt":"2024-04-16T14:07:29","guid":{"rendered":"https:\/\/spnw.pl\/?page_id=113"},"modified":"2025-06-12T06:33:30","modified_gmt":"2025-06-12T06:33:30","slug":"polkolonie","status":"publish","type":"page","link":"https:\/\/spnw.pl\/?page_id=113","title":{"rendered":"P\u00f3\u0142kolonie"},"content":{"rendered":"\n<p><strong>P\u00f3\u0142kolonie letnie 2025r. <\/strong><\/p>\n\n\n\n<figure class=\"wp-block-image size-full\"><img loading=\"lazy\" decoding=\"async\" width=\"561\" height=\"841\" src=\"https:\/\/spnw.pl\/wp-content\/uploads\/2025\/06\/ChatGPT-Image-12-cze-2025-08_27_14-1.png\" alt=\"\" class=\"wp-image-2303\" srcset=\"https:\/\/spnw.pl\/wp-content\/uploads\/2025\/06\/ChatGPT-Image-12-cze-2025-08_27_14-1.png 561w, https:\/\/spnw.pl\/wp-content\/uploads\/2025\/06\/ChatGPT-Image-12-cze-2025-08_27_14-1-200x300.png 200w\" sizes=\"(max-width: 561px) 100vw, 561px\" \/><\/figure>\n\n\n\n<p><\/p>\n\n\n\n<p class=\"has-text-align-left\"><strong>P\u00f3\u0142kolonie zimowe 2025r. <\/strong><\/p>\n\n\n\n<figure class=\"wp-block-image size-large\"><img loading=\"lazy\" decoding=\"async\" width=\"768\" height=\"1024\" src=\"https:\/\/spnw.pl\/wp-content\/uploads\/2024\/12\/Blue-White-Modern-Winter-Sale-Poster-Portrait-2-768x1024.jpg\" alt=\"\" class=\"wp-image-929\" srcset=\"https:\/\/spnw.pl\/wp-content\/uploads\/2024\/12\/Blue-White-Modern-Winter-Sale-Poster-Portrait-2-768x1024.jpg 768w, https:\/\/spnw.pl\/wp-content\/uploads\/2024\/12\/Blue-White-Modern-Winter-Sale-Poster-Portrait-2-225x300.jpg 225w, https:\/\/spnw.pl\/wp-content\/uploads\/2024\/12\/Blue-White-Modern-Winter-Sale-Poster-Portrait-2-1152x1536.jpg 1152w, https:\/\/spnw.pl\/wp-content\/uploads\/2024\/12\/Blue-White-Modern-Winter-Sale-Poster-Portrait-2-1536x2048.jpg 1536w, https:\/\/spnw.pl\/wp-content\/uploads\/2024\/12\/Blue-White-Modern-Winter-Sale-Poster-Portrait-2-scaled.jpg 1920w\" sizes=\"(max-width: 768px) 100vw, 768px\" \/><\/figure>\n\n\n\n<hr class=\"wp-block-separator has-alpha-channel-opacity\"\/>\n","protected":false},"excerpt":{"rendered":"<p>P\u00f3\u0142kolonie letnie 2025r. P\u00f3\u0142kolonie zimowe 2025r.<\/p>\n","protected":false},"author":1,"featured_media":0,"parent":0,"menu_order":0,"comment_status":"closed","ping_status":"closed","template":"","meta":{"colormag_page_container_layout":"default_layout","colormag_page_sidebar_layout":"default_layout","footnotes":""},"yoast_head":"<!-- This site is optimized with the Yoast SEO plugin v24.5 - https:\/\/yoast.com\/wordpress\/plugins\/seo\/ -->\n<title>P\u00f3\u0142kolonie - Szko\u0142a Podstawowa w Nowej Wsi<\/title>\n<meta name=\"robots\" content=\"index, follow, max-snippet:-1, max-image-preview:large, max-video-preview:-1\" \/>\n<link rel=\"canonical\" href=\"https:\/\/spnw.pl\/?page_id=113\" \/>\n<meta property=\"og:locale\" content=\"pl_PL\" \/>\n<meta property=\"og:type\" content=\"article\" \/>\n<meta property=\"og:title\" content=\"P\u00f3\u0142kolonie - Szko\u0142a Podstawowa w Nowej Wsi\" \/>\n<meta property=\"og:description\" content=\"P\u00f3\u0142kolonie letnie 2025r. P\u00f3\u0142kolonie zimowe 2025r.\" \/>\n<meta property=\"og:url\" content=\"https:\/\/spnw.pl\/?page_id=113\" \/>\n<meta property=\"og:site_name\" content=\"Szko\u0142a Podstawowa w Nowej Wsi\" \/>\n<meta property=\"article:modified_time\" content=\"2025-06-12T06:33:30+00:00\" \/>\n<meta property=\"og:image\" content=\"https:\/\/spnw.pl\/wp-content\/uploads\/2025\/06\/ChatGPT-Image-12-cze-2025-08_27_14-1.png\" \/>\n\t<meta property=\"og:image:width\" content=\"561\" \/>\n\t<meta property=\"og:image:height\" content=\"841\" \/>\n\t<meta property=\"og:image:type\" content=\"image\/png\" \/>\n<meta name=\"twitter:card\" content=\"summary_large_image\" \/>\n<meta name=\"twitter:label1\" content=\"Szacowany czas czytania\" \/>\n\t<meta name=\"twitter:data1\" content=\"1 minuta\" \/>\n<script type=\"application\/ld+json\" class=\"yoast-schema-graph\">{\"@context\":\"https:\/\/schema.org\",\"@graph\":[{\"@type\":\"WebPage\",\"@id\":\"https:\/\/spnw.pl\/?page_id=113\",\"url\":\"https:\/\/spnw.pl\/?page_id=113\",\"name\":\"P\u00f3\u0142kolonie - Szko\u0142a Podstawowa w Nowej Wsi\",\"isPartOf\":{\"@id\":\"https:\/\/spnw.pl\/#website\"},\"primaryImageOfPage\":{\"@id\":\"https:\/\/spnw.pl\/?page_id=113#primaryimage\"},\"image\":{\"@id\":\"https:\/\/spnw.pl\/?page_id=113#primaryimage\"},\"thumbnailUrl\":\"https:\/\/spnw.pl\/wp-content\/uploads\/2025\/06\/ChatGPT-Image-12-cze-2025-08_27_14-1.png\",\"datePublished\":\"2024-04-16T14:07:29+00:00\",\"dateModified\":\"2025-06-12T06:33:30+00:00\",\"breadcrumb\":{\"@id\":\"https:\/\/spnw.pl\/?page_id=113#breadcrumb\"},\"inLanguage\":\"pl-PL\",\"potentialAction\":[{\"@type\":\"ReadAction\",\"target\":[\"https:\/\/spnw.pl\/?page_id=113\"]}]},{\"@type\":\"ImageObject\",\"inLanguage\":\"pl-PL\",\"@id\":\"https:\/\/spnw.pl\/?page_id=113#primaryimage\",\"url\":\"https:\/\/spnw.pl\/wp-content\/uploads\/2025\/06\/ChatGPT-Image-12-cze-2025-08_27_14-1.png\",\"contentUrl\":\"https:\/\/spnw.pl\/wp-content\/uploads\/2025\/06\/ChatGPT-Image-12-cze-2025-08_27_14-1.png\",\"width\":561,\"height\":841},{\"@type\":\"BreadcrumbList\",\"@id\":\"https:\/\/spnw.pl\/?page_id=113#breadcrumb\",\"itemListElement\":[{\"@type\":\"ListItem\",\"position\":1,\"name\":\"Strona g\u0142\u00f3wna\",\"item\":\"https:\/\/spnw.pl\/\"},{\"@type\":\"ListItem\",\"position\":2,\"name\":\"P\u00f3\u0142kolonie\"}]},{\"@type\":\"WebSite\",\"@id\":\"https:\/\/spnw.pl\/#website\",\"url\":\"https:\/\/spnw.pl\/\",\"name\":\"Szko\u0142a Podstawowa w Nowej Wsi\",\"description\":\"Szko\u0142a Podstawowa w Nowej Wsi\",\"potentialAction\":[{\"@type\":\"SearchAction\",\"target\":{\"@type\":\"EntryPoint\",\"urlTemplate\":\"https:\/\/spnw.pl\/?s={search_term_string}\"},\"query-input\":{\"@type\":\"PropertyValueSpecification\",\"valueRequired\":true,\"valueName\":\"search_term_string\"}}],\"inLanguage\":\"pl-PL\"}]}<\/script>\n<!-- \/ Yoast SEO plugin. -->","yoast_head_json":{"title":"P\u00f3\u0142kolonie - Szko\u0142a Podstawowa w Nowej Wsi","robots":{"index":"index","follow":"follow","max-snippet":"max-snippet:-1","max-image-preview":"max-image-preview:large","max-video-preview":"max-video-preview:-1"},"canonical":"https:\/\/spnw.pl\/?page_id=113","og_locale":"pl_PL","og_type":"article","og_title":"P\u00f3\u0142kolonie - Szko\u0142a Podstawowa w Nowej Wsi","og_description":"P\u00f3\u0142kolonie letnie 2025r. P\u00f3\u0142kolonie zimowe 2025r.","og_url":"https:\/\/spnw.pl\/?page_id=113","og_site_name":"Szko\u0142a Podstawowa w Nowej Wsi","article_modified_time":"2025-06-12T06:33:30+00:00","og_image":[{"width":561,"height":841,"url":"https:\/\/spnw.pl\/wp-content\/uploads\/2025\/06\/ChatGPT-Image-12-cze-2025-08_27_14-1.png","type":"image\/png"}],"twitter_card":"summary_large_image","twitter_misc":{"Szacowany czas czytania":"1 minuta"},"schema":{"@context":"https:\/\/schema.org","@graph":[{"@type":"WebPage","@id":"https:\/\/spnw.pl\/?page_id=113","url":"https:\/\/spnw.pl\/?page_id=113","name":"P\u00f3\u0142kolonie - Szko\u0142a Podstawowa w Nowej Wsi","isPartOf":{"@id":"https:\/\/spnw.pl\/#website"},"primaryImageOfPage":{"@id":"https:\/\/spnw.pl\/?page_id=113#primaryimage"},"image":{"@id":"https:\/\/spnw.pl\/?page_id=113#primaryimage"},"thumbnailUrl":"https:\/\/spnw.pl\/wp-content\/uploads\/2025\/06\/ChatGPT-Image-12-cze-2025-08_27_14-1.png","datePublished":"2024-04-16T14:07:29+00:00","dateModified":"2025-06-12T06:33:30+00:00","breadcrumb":{"@id":"https:\/\/spnw.pl\/?page_id=113#breadcrumb"},"inLanguage":"pl-PL","potentialAction":[{"@type":"ReadAction","target":["https:\/\/spnw.pl\/?page_id=113"]}]},{"@type":"ImageObject","inLanguage":"pl-PL","@id":"https:\/\/spnw.pl\/?page_id=113#primaryimage","url":"https:\/\/spnw.pl\/wp-content\/uploads\/2025\/06\/ChatGPT-Image-12-cze-2025-08_27_14-1.png","contentUrl":"https:\/\/spnw.pl\/wp-content\/uploads\/2025\/06\/ChatGPT-Image-12-cze-2025-08_27_14-1.png","width":561,"height":841},{"@type":"BreadcrumbList","@id":"https:\/\/spnw.pl\/?page_id=113#breadcrumb","itemListElement":[{"@type":"ListItem","position":1,"name":"Strona g\u0142\u00f3wna","item":"https:\/\/spnw.pl\/"},{"@type":"ListItem","position":2,"name":"P\u00f3\u0142kolonie"}]},{"@type":"WebSite","@id":"https:\/\/spnw.pl\/#website","url":"https:\/\/spnw.pl\/","name":"Szko\u0142a Podstawowa w Nowej Wsi","description":"Szko\u0142a Podstawowa w Nowej Wsi","potentialAction":[{"@type":"SearchAction","target":{"@type":"EntryPoint","urlTemplate":"https:\/\/spnw.pl\/?s={search_term_string}"},"query-input":{"@type":"PropertyValueSpecification","valueRequired":true,"valueName":"search_term_string"}}],"inLanguage":"pl-PL"}]}},"_links":{"self":[{"href":"https:\/\/spnw.pl\/index.php?rest_route=\/wp\/v2\/pages\/113"}],"collection":[{"href":"https:\/\/spnw.pl\/index.php?rest_route=\/wp\/v2\/pages"}],"about":[{"href":"https:\/\/spnw.pl\/index.php?rest_route=\/wp\/v2\/types\/page"}],"author":[{"embeddable":true,"href":"https:\/\/spnw.pl\/index.php?rest_route=\/wp\/v2\/users\/1"}],"replies":[{"embeddable":true,"href":"https:\/\/spnw.pl\/index.php?rest_route=%2Fwp%2Fv2%2Fcomments&post=113"}],"version-history":[{"count":5,"href":"https:\/\/spnw.pl\/index.php?rest_route=\/wp\/v2\/pages\/113\/revisions"}],"predecessor-version":[{"id":2304,"href":"https:\/\/spnw.pl\/index.php?rest_route=\/wp\/v2\/pages\/113\/revisions\/2304"}],"wp:attachment":[{"href":"https:\/\/spnw.pl\/index.php?rest_route=%2Fwp%2Fv2%2Fmedia&parent=113"}],"curies":[{"name":"wp","href":"https:\/\/api.w.org\/{rel}","templated":true}]}}